{"id":21,"date":"2023-08-23T22:09:32","date_gmt":"2023-08-23T22:09:32","guid":{"rendered":"https:\/\/www.gestioneslaidea.cl\/?page_id=21"},"modified":"2026-01-15T21:07:36","modified_gmt":"2026-01-15T21:07:36","slug":"home","status":"publish","type":"page","link":"https:\/\/www.epvidaurbana.cl\/","title":{"rendered":"Home"},"content":{"rendered":"\n\n\n<h3>EP VIDA URBANA<\/h3>\n<br>\n\n\n\n\n\n<h2><font style=\"vertical-align: inherit;\"><font style=\"vertical-align: inherit;\">PROYECTOS 2025<\/font><\/font><\/h2>\n\n\n\n\n\n\n\n<h2><font style=\"vertical-align: inherit;\"><font style=\"vertical-align: inherit;\"><font style=\"vertical-align: inherit;\"><font style=\"vertical-align: inherit;\">V Regi\u00f3n: Condominio Montes de Pe\u00f1ablanca<\/font><\/font><\/font><\/font><\/h2>\n<p align=\"justify\">&#8211; Coordinaci\u00f3n de Especialidades de Arquitectura dise\u00f1o e Ingenier\u00eda.\n<br>&#8211; Proyecto de 200 deptos totales, edificaci\u00f3n de 5 pisos de altura distribuidos en 10 edificios totales,  enfocado en el Plan de Emergencia Habitacional.\n<br>&#8211; Presentaci\u00f3n para Entidad Patrocinante Habitacional Vida Urbana Valpara\u00edso SpA.<\/p>\n\n\n\n\n\n","protected":false},"excerpt":{"rendered":"","protected":false},"author":0,"featured_media":0,"parent":0,"menu_order":0,"comment_status":"closed","ping_status":"closed","template":"","meta":{"pagelayer_contact_templates":[],"_pagelayer_content":"","_joinchat":[],"footnotes":""},"class_list":["post-21","page","type-page","status-publish","hentry"],"_links":{"self":[{"href":"https:\/\/www.epvidaurbana.cl\/index.php?rest_route=\/wp\/v2\/pages\/21","targetHints":{"allow":["GET"]}}],"collection":[{"href":"https:\/\/www.epvidaurbana.cl\/index.php?rest_route=\/wp\/v2\/pages"}],"about":[{"href":"https:\/\/www.epvidaurbana.cl\/index.php?rest_route=\/wp\/v2\/types\/page"}],"replies":[{"embeddable":true,"href":"https:\/\/www.epvidaurbana.cl\/index.php?rest_route=%2Fwp%2Fv2%2Fcomments&post=21"}],"version-history":[{"count":61,"href":"https:\/\/www.epvidaurbana.cl\/index.php?rest_route=\/wp\/v2\/pages\/21\/revisions"}],"predecessor-version":[{"id":194,"href":"https:\/\/www.epvidaurbana.cl\/index.php?rest_route=\/wp\/v2\/pages\/21\/revisions\/194"}],"wp:attachment":[{"href":"https:\/\/www.epvidaurbana.cl\/index.php?rest_route=%2Fwp%2Fv2%2Fmedia&parent=21"}],"curies":[{"name":"wp","href":"https:\/\/api.w.org\/{rel}","templated":true}]}}